{"id":8,"date":"2026-03-08T17:59:15","date_gmt":"2026-03-08T16:59:15","guid":{"rendered":"https:\/\/serwer2630863.home.pl\/autoinstalator\/wordpress\/?page_id=8"},"modified":"2026-03-17T02:18:12","modified_gmt":"2026-03-17T01:18:12","slug":"o-nas","status":"publish","type":"page","link":"https:\/\/pracowniabadaniterapii.pl\/?page_id=8","title":{"rendered":"POZNAJ NAS BLI\u017bEJ"},"content":{"rendered":"\n<div class=\"wp-block-group alignfull is-layout-flow wp-block-group-is-layout-flow\">\n<div class=\"wp-block-group alignfull is-layout-constrained wp-block-group-is-layout-constrained\" style=\"padding-top:var(--wp--preset--spacing--50);padding-bottom:var(--wp--preset--spacing--50)\">\n<div class=\"wp-block-columns alignwide is-layout-flex wp-container-core-columns-is-layout-55c14dbb wp-block-columns-is-layout-flex\" style=\"padding-top:var(--wp--preset--spacing--80);padding-bottom:var(--wp--preset--spacing--50)\">\n<div class=\"wp-block-column is-layout-flow wp-block-column-is-layout-flow\" style=\"flex-basis:50%\">\n<h2 class=\"wp-block-heading alignwide has-text-align-left has-x-large-font-size\">Zajmujemy si\u0119 diagnostyk\u0105 psychologiczn\u0105 i pedagogiczn\u0105, opiniowaniem s\u0105dowym oraz konsultacjami, a tak\u017ce terapi\u0105.<\/h2>\n<\/div>\n<\/div>\n<\/div>\n<\/div>\n\n\n\n<div class=\"wp-block-group alignfull is-layout-constrained wp-block-group-is-layout-constrained\" style=\"margin-top:0;margin-bottom:0\">\n<div class=\"wp-block-columns alignwide is-layout-flex wp-container-core-columns-is-layout-65e523f9 wp-block-columns-is-layout-flex\">\n<div class=\"wp-block-column is-layout-flow wp-block-column-is-layout-flow\" style=\"flex-basis:66.66%\">\n<div class=\"wp-block-query is-layout-flow wp-block-query-is-layout-flow\"><ul class=\"wp-block-post-template is-layout-flow wp-block-post-template-is-layout-flow\"><li class=\"wp-block-post post-1 post type-post status-publish format-standard hentry category-bez-kategorii\">\n\n<div class=\"wp-block-group is-layout-flow wp-container-core-group-is-layout-81d5c4b5 wp-block-group-is-layout-flow\">\n<figure class=\"wp-block-image size-large is-resized\"><img loading=\"lazy\" decoding=\"async\" width=\"683\" height=\"1024\" src=\"https:\/\/serwer2630863.home.pl\/autoinstalator\/wordpress\/wp-content\/uploads\/2026\/03\/zdjecie-1-683x1024.png\" alt=\"\" class=\"wp-image-50\" style=\"aspect-ratio:0.6670011257402966;width:414px;height:auto\" srcset=\"https:\/\/pracowniabadaniterapii.pl\/wp-content\/uploads\/2026\/03\/zdjecie-1-683x1024.png 683w, https:\/\/pracowniabadaniterapii.pl\/wp-content\/uploads\/2026\/03\/zdjecie-1-200x300.png 200w, https:\/\/pracowniabadaniterapii.pl\/wp-content\/uploads\/2026\/03\/zdjecie-1-768x1152.png 768w, https:\/\/pracowniabadaniterapii.pl\/wp-content\/uploads\/2026\/03\/zdjecie-1.png 1024w\" sizes=\"auto, (max-width: 683px) 100vw, 683px\" \/><\/figure>\n<\/div>\n\n<\/li><\/ul><\/div>\n<\/div>\n\n\n\n<div class=\"wp-block-column is-layout-flow wp-block-column-is-layout-flow\" style=\"flex-basis:33.33%\">\n<div class=\"wp-block-query is-layout-flow wp-block-query-is-layout-flow\">\n<h3 class=\"wp-block-heading\">Justyna Kozera-Rybicka<\/h3>\n\n\n\n<p><strong>psycholog, bieg\u0142y s\u0105dowy<\/strong><\/p>\n\n\n\n<p>Jestem psychologiem oraz bieg\u0142ym s\u0105dowym specjalizuj\u0105cym si\u0119 w obszarze&nbsp;<strong>psychologii s\u0105dowej i opiniowania psychologicznego na potrzeby post\u0119powa\u0144 s\u0105dowych<\/strong>. W swojej pracy zajmuj\u0119 si\u0119 prowadzeniem bada\u0144 psychologicznych oraz sporz\u0105dzaniem opinii dla organ\u00f3w wymiaru sprawiedliwo\u015bci w sprawach karnych, cywilnych i rodzinnych.<\/p>\n\n\n\n<p>Zakres mojej dzia\u0142alno\u015bci obejmuje&nbsp;<strong>diagnostyk\u0119 psychologiczn\u0105, analiz\u0119 funkcjonowania emocjonalnego i osobowo\u015bciowego oraz analiz\u0119 czynnik\u00f3w psychologicznych istotnych dla przebiegu post\u0119powa\u0144 s\u0105dowych<\/strong>. Sporz\u0105dzane przeze mnie opinie przygotowywane s\u0105 zgodnie z obowi\u0105zuj\u0105cymi standardami opiniowania psychologicznego oraz w oparciu o aktualn\u0105 wiedz\u0119 naukow\u0105.<\/p>\n\n\n\n<p>Wsp\u00f3\u0142pracuj\u0119 z&nbsp;<strong>s\u0105dami, prokuratur\u0105, kancelariami adwokackimi i radcowskimi<\/strong>, a tak\u017ce z klientami indywidualnymi. Opr\u00f3cz opiniowania s\u0105dowego prowadz\u0119 r\u00f3wnie\u017c&nbsp;<strong>konsultacje psychologiczne oraz prywatne opinie psychologiczne<\/strong>, kt\u00f3re mog\u0105 by\u0107 wykorzystywane w toku post\u0119powa\u0144 s\u0105dowych.<\/p>\n\n\n\n<p>W pracy szczeg\u00f3ln\u0105 wag\u0119 przywi\u0105zuj\u0119 do&nbsp;<strong>rzetelno\u015bci diagnostycznej, obiektywizmu oraz wysokich standard\u00f3w etycznych<\/strong>, kt\u00f3re stanowi\u0105 podstaw\u0119 odpowiedzialnego opiniowania psychologicznego.<\/p>\n<\/div>\n<\/div>\n<\/div>\n\n\n\n<div style=\"height:var(--wp--preset--spacing--30)\" aria-hidden=\"true\" class=\"wp-block-spacer\"><\/div>\n<\/div>\n\n\n\n<div class=\"wp-block-group alignfull is-layout-constrained wp-block-group-is-layout-constrained\" style=\"margin-top:0;margin-bottom:0\">\n<div style=\"height:var(--wp--preset--spacing--30)\" aria-hidden=\"true\" class=\"wp-block-spacer\"><\/div>\n\n\n\n<div class=\"wp-block-query alignwide is-layout-flow wp-block-query-is-layout-flow\">\n<figure class=\"wp-block-image size-full\"><img loading=\"lazy\" decoding=\"async\" width=\"960\" height=\"960\" src=\"https:\/\/serwer2630863.home.pl\/autoinstalator\/wordpress\/wp-content\/uploads\/2026\/03\/450551982_8287363147941706_1716145372988714250_n.jpg\" alt=\"\" class=\"wp-image-52\" srcset=\"https:\/\/pracowniabadaniterapii.pl\/wp-content\/uploads\/2026\/03\/450551982_8287363147941706_1716145372988714250_n.jpg 960w, https:\/\/pracowniabadaniterapii.pl\/wp-content\/uploads\/2026\/03\/450551982_8287363147941706_1716145372988714250_n-300x300.jpg 300w, https:\/\/pracowniabadaniterapii.pl\/wp-content\/uploads\/2026\/03\/450551982_8287363147941706_1716145372988714250_n-150x150.jpg 150w, https:\/\/pracowniabadaniterapii.pl\/wp-content\/uploads\/2026\/03\/450551982_8287363147941706_1716145372988714250_n-768x768.jpg 768w\" sizes=\"auto, (max-width: 960px) 100vw, 960px\" \/><\/figure>\n\n\n<div class=\"wp-block-query-no-results\">\n\n<p>Nazywam si\u0119 Alicja Grabiasz i jestem pedagogiem specjalizuj\u0105cym si\u0119 we wspieraniu rozwoju dzieci w wieku przedszkolnym oraz wczesnoszkolnym.<\/p>\n\n\n\n<p>Od wielu lat pracuj\u0119 z dzie\u0107mi, pomagaj\u0105c im pokonywa\u0107 trudno\u015bci w nauce oraz rozwija\u0107 ich naturalny potencja\u0142.<\/p>\n\n\n\n<p>Moje do\u015bwiadczenie zawodowe obejmuje zar\u00f3wno prac\u0119 w \u015brodowisku szkolnym, jak i indywidualn\u0105 prac\u0119 terapeutyczn\u0105 z dzie\u0107mi, kt\u00f3re potrzebuj\u0105 dodatkowego wsparcia w rozwoju.<\/p>\n\n\n\n<p>W swojej codziennej pracy zajmuj\u0119 si\u0119 diagnoz\u0105 trudno\u015bci edukacyjnych, terapi\u0105 pedagogiczn\u0105, terapi\u0105 r\u0119ki oraz przygotowaniem dzieci do rozpocz\u0119cia nauki w szkole.<\/p>\n\n\n\n<p>W pracy z dzie\u0107mi szczeg\u00f3lnie wa\u017cne jest dla mnie indywidualne podej\u015bcie. Ka\u017cde dziecko ma w\u0142asne tempo rozwoju, inne potrzeby oraz wyj\u0105tkowe zdolno\u015bci.<\/p>\n\n\n\n<p>Dlatego podczas zaj\u0119\u0107 staram si\u0119 stworzy\u0107 atmosfer\u0119 bezpiecze\u0144stwa, zaufania i akceptacji, w kt\u00f3rej dziecko mo\u017ce rozwija\u0107 swoje umiej\u0119tno\u015bci bez presji i stresu.<\/p>\n\n\n\n<p>Stosuj\u0119 nowoczesne metody pracy, kt\u00f3re wspieraj\u0105 rozw\u00f3j funkcji poznawczych, koncentracji uwagi, pami\u0119ci, umiej\u0119tno\u015bci czytania i pisania oraz sprawno\u015bci manualnej.<\/p>\n\n\n\n<p>Zaj\u0119cia prowadzone s\u0105 w formie aktywnej pracy, zabawy i \u0107wicze\u0144 dostosowanych do wieku oraz mo\u017cliwo\u015bci dziecka.<\/p>\n\n\n\n<p>Bardzo wa\u017cnym elementem mojej pracy jest r\u00f3wnie\u017c wsp\u00f3\u0142praca z rodzicami.<\/p>\n\n\n\n<p>Wierz\u0119, \u017ce najlepsze efekty osi\u0105ga si\u0119 wtedy, gdy dziecko otrzymuje sp\u00f3jne wsparcie zar\u00f3wno podczas zaj\u0119\u0107 terapeutycznych, jak i w \u015brodowisku domowym.<\/p>\n\n\n\n<p>Dlatego rodzice otrzymuj\u0105 informacje o post\u0119pach dziecka oraz praktyczne wskaz\u00f3wki do pracy w domu.<\/p>\n\n\n\n<p>Moim celem jest nie tylko pomoc w pokonywaniu trudno\u015bci szkolnych, ale przede wszystkim budowanie u dziecka poczucia sprawczo\u015bci, wiary w siebie i pozytywnego nastawienia do nauki.<\/p>\n\n<\/div><\/div>\n\n\n\n<div style=\"height:var(--wp--preset--spacing--30)\" aria-hidden=\"true\" class=\"wp-block-spacer\"><\/div>\n<\/div>\n\n\n\n<div class=\"wp-block-group alignfull is-layout-constrained wp-block-group-is-layout-constrained\" style=\"margin-top:0;margin-bottom:0\">\n<div style=\"height:var(--wp--preset--spacing--30)\" aria-hidden=\"true\" class=\"wp-block-spacer\"><\/div>\n\n\n\n<div class=\"wp-block-columns alignwide is-layout-flex wp-container-core-columns-is-layout-65e523f9 wp-block-columns-is-layout-flex\">\n<div class=\"wp-block-column is-layout-flow wp-block-column-is-layout-flow\" style=\"flex-basis:33.33%\">\n<div class=\"wp-block-query is-layout-flow wp-block-query-is-layout-flow\"><div class=\"wp-block-query-no-results\">\n\n<p><\/p>\n\n<\/div><\/div>\n<\/div>\n\n\n\n<div class=\"wp-block-column is-layout-flow wp-block-column-is-layout-flow\" style=\"flex-basis:66.66%\"><\/div>\n<\/div>\n\n\n\n<div style=\"height:var(--wp--preset--spacing--70)\" aria-hidden=\"true\" class=\"wp-block-spacer\"><\/div>\n\n\n\n<hr class=\"wp-block-separator alignfull has-alpha-channel-opacity\"\/>\n\n\n\n<div style=\"height:var(--wp--preset--spacing--30)\" aria-hidden=\"true\" class=\"wp-block-spacer\"><\/div>\n<\/div>\n\n\n\n<div class=\"wp-block-group alignfull is-layout-constrained wp-block-group-is-layout-constrained\" style=\"margin-top:0;margin-bottom:0\">\n<div class=\"wp-block-group alignwide is-layout-constrained wp-block-group-is-layout-constrained\">\n<div class=\"wp-block-group alignwide is-layout-flow wp-block-group-is-layout-flow\">\n<p class=\"has-small-font-size\">ZAUFAJ&nbsp;<strong>DO\u015aWIADCZENIU<\/strong>&nbsp;I DO\u0141\u0104CZ DO GRONA ZADOWOLONYCH KLIENT\u00d3W<\/p>\n<\/div>\n<\/div>\n<\/div>\n\n\n\n<p><\/p>\n","protected":false},"excerpt":{"rendered":"<p>Zajmujemy si\u0119 diagnostyk\u0105 psychologiczn\u0105 i pedagogiczn\u0105, opiniowaniem s\u0105dowym oraz konsultacjami, a tak\u017ce terapi\u0105. ZAUFAJ&nbsp;DO\u015aWIADCZENIU&nbsp;I DO\u0141\u0104CZ DO GRONA ZADOWOLONYCH KLIENT\u00d3W<\/p>\n","protected":false},"author":1,"featured_media":0,"parent":0,"menu_order":0,"comment_status":"closed","ping_status":"closed","template":"","meta":{"footnotes":""},"class_list":["post-8","page","type-page","status-publish","hentry"],"_links":{"self":[{"href":"https:\/\/pracowniabadaniterapii.pl\/index.php?rest_route=\/wp\/v2\/pages\/8","targetHints":{"allow":["GET"]}}],"collection":[{"href":"https:\/\/pracowniabadaniterapii.pl\/index.php?rest_route=\/wp\/v2\/pages"}],"about":[{"href":"https:\/\/pracowniabadaniterapii.pl\/index.php?rest_route=\/wp\/v2\/types\/page"}],"author":[{"embeddable":true,"href":"https:\/\/pracowniabadaniterapii.pl\/index.php?rest_route=\/wp\/v2\/users\/1"}],"replies":[{"embeddable":true,"href":"https:\/\/pracowniabadaniterapii.pl\/index.php?rest_route=%2Fwp%2Fv2%2Fcomments&post=8"}],"version-history":[{"count":4,"href":"https:\/\/pracowniabadaniterapii.pl\/index.php?rest_route=\/wp\/v2\/pages\/8\/revisions"}],"predecessor-version":[{"id":70,"href":"https:\/\/pracowniabadaniterapii.pl\/index.php?rest_route=\/wp\/v2\/pages\/8\/revisions\/70"}],"wp:attachment":[{"href":"https:\/\/pracowniabadaniterapii.pl\/index.php?rest_route=%2Fwp%2Fv2%2Fmedia&parent=8"}],"curies":[{"name":"wp","href":"https:\/\/api.w.org\/{rel}","templated":true}]}}